{"id":22414,"date":"2023-10-31T13:49:05","date_gmt":"2023-10-31T13:49:05","guid":{"rendered":"https:\/\/preprod.siradel.com\/legal-notice\/"},"modified":"2026-01-16T14:10:59","modified_gmt":"2026-01-16T14:10:59","slug":"mentions-legales","status":"publish","type":"page","link":"https:\/\/www.siradel.com\/fr\/mentions-legales\/","title":{"rendered":"Mentions l\u00e9gales"},"content":{"rendered":"<section class=\"wpb-content-wrapper\">[vc_section pix_over_visibility=\u00a0\u00bb\u00a0\u00bb][vc_row pix_particles_check=\u00a0\u00bb\u00a0\u00bb][vc_column]<div id=\"sliding-text-28439743\" class=\"mb-3 text-left \"><h1 class=\"mb-32 pix-sliding-headline-2 animate-in font-weight-bold secondary-font \" data-anim-type=\"pix-sliding-text\" pix-anim-delay=\"500\" data-class=\"secondary-font text-heading-default\" style=\"\"><span class=\"slide-in-container \"><span class=\"pix-sliding-item secondary-font text-heading-default\" style=\"transition-delay: 0ms;\">MENTIONS&#32;<\/span><\/span> <span class=\"slide-in-container \"><span class=\"pix-sliding-item secondary-font text-heading-default\" style=\"transition-delay: 150ms;\">L\u00c9GALES&#32;<\/span><\/span> <\/h1><\/div><div id=\"sliding-text-119151152\" class=\"mb-3 text-left \"><h3 class=\"mb-32 pix-sliding-headline-2 animate-in font-weight-bold secondary-font \" data-anim-type=\"pix-sliding-text\" pix-anim-delay=\"500\" data-class=\"secondary-font text-heading-default\" style=\"\"><span class=\"slide-in-container \"><span class=\"pix-sliding-item secondary-font text-heading-default\" style=\"transition-delay: 0ms;\">EDITEUR&#32;<\/span><\/span> <span class=\"slide-in-container \"><span class=\"pix-sliding-item secondary-font text-heading-default\" style=\"transition-delay: 150ms;\">DU&#32;<\/span><\/span> <span class=\"slide-in-container \"><span class=\"pix-sliding-item secondary-font text-heading-default\" style=\"transition-delay: 300ms;\">SITE&#32;<\/span><\/span> <\/h3><\/div>[vc_column_text]<strong>Le site Internet\u00a0siradel.com\u00a0(\u00ab\u00a0le Site\u00a0\u00bb) est \u00e9dit\u00e9 par la soci\u00e9t\u00e9 SIRADEL (d\u00e9sign\u00e9e ci-apr\u00e8s \u00ab\u00a0la Soci\u00e9t\u00e9\u00a0\u00bb).<\/strong>\r\n\r\nSoci\u00e9t\u00e9 SIRADEL, soci\u00e9t\u00e9 par actions simplifi\u00e9e, au capital social de <span data-teams=\"true\">19 548 800<\/span> \u20ac\r\nRCS de Rennes, n\u00b0 444\u00a0062 624<strong>\u00a0<\/strong>\u2013 n\u00b0 TVA intracommunautaire : FR 69 444 062 624\r\nSi\u00e8ge social : 10 Parc de Broc\u00e9liande, 35760 Saint-Gr\u00e9goire, France\r\n\r\nTel : (+33) (0)2 23 480 500<strong>\u00a0<\/strong>[\/vc_column_text][vc_column_text]Le directeur de publication du Site est SIRADEL.\r\n\r\nLe responsable de la r\u00e9daction du Site est SIRADEL<strong>\r\n<\/strong>\r\n\r\nAdresse \u00e9lectronique de contact\u00a0: <a href=\"mailto:contact@siradel.com\"><strong>contact@siradel.com <\/strong><\/a>[\/vc_column_text]<div id=\"sliding-text-164972139\" class=\"mb-3 text-left \"><h3 class=\"mb-32 pix-sliding-headline-2 animate-in font-weight-bold secondary-font \" data-anim-type=\"pix-sliding-text\" pix-anim-delay=\"500\" data-class=\"secondary-font text-heading-default\" style=\"\"><span class=\"slide-in-container \"><span class=\"pix-sliding-item secondary-font text-heading-default\" style=\"transition-delay: 0ms;\">HEBERGEUR&#32;<\/span><\/span> <span class=\"slide-in-container \"><span class=\"pix-sliding-item secondary-font text-heading-default\" style=\"transition-delay: 150ms;\">DU&#32;<\/span><\/span> <span class=\"slide-in-container \"><span class=\"pix-sliding-item secondary-font text-heading-default\" style=\"transition-delay: 300ms;\">SITE&#32;<\/span><\/span> <\/h3><\/div>[vc_column_text]<span class=\"ui-provider xi b c d e f g h i j k l m n o p q r s t u v w x y z ab ac ae af ag ah ai aj ak\" dir=\"ltr\">Le prestataire assurant l\u2019h\u00e9bergement du Site est la soci\u00e9t\u00e9 AWS, soci\u00e9t\u00e9 par actions simplifi\u00e9e \u00e0 associ\u00e9 unique au capital social de <strong>100 000 <\/strong>\u20ac, immatricul\u00e9e au Registre du Commerce et des Soci\u00e9t\u00e9s de <strong>Nanterre <\/strong>et dont le si\u00e8ge social est situ\u00e9 \u00e0 Nanterre<strong>.<\/strong><\/span>\r\n\r\n[\/vc_column_text][\/vc_column][\/vc_row][\/vc_section]<\/section>","protected":false},"excerpt":{"rendered":"[vc_section pix_over_visibility=\u00a0\u00bb\u00a0\u00bb][vc_row pix_particles_check=\u00a0\u00bb\u00a0\u00bb][vc_column][vc_column_text]Le site Internet\u00a0siradel.com\u00a0(\u00ab\u00a0le Site\u00a0\u00bb) est \u00e9dit\u00e9 par la soci\u00e9t\u00e9 SIRADEL (d\u00e9sign\u00e9e ci-apr\u00e8s \u00ab\u00a0la Soci\u00e9t\u00e9\u00a0\u00bb). Soci\u00e9t\u00e9 SIRADEL, soci\u00e9t\u00e9 par actions simplifi\u00e9e, au capital social de 19 548 800 \u20ac RCS de Rennes, n\u00b0 444\u00a0062 624\u00a0\u2013 n\u00b0 TVA intracommunautaire :&#8230;","protected":false},"author":4,"featured_media":0,"parent":0,"menu_order":0,"comment_status":"closed","ping_status":"closed","template":"","meta":{"footnotes":""},"class_list":["post-22414","page","type-page","status-publish","hentry"],"yoast_head":"<!-- This site is optimized with the Yoast SEO plugin v27.3 - https:\/\/yoast.com\/product\/yoast-seo-wordpress\/ -->\n<title>Mentions l\u00e9gales | Siradel<\/title>\n<meta name=\"robots\" content=\"index, follow, max-snippet:-1, max-image-preview:large, max-video-preview:-1\" \/>\n<link rel=\"canonical\" href=\"https:\/\/www.siradel.com\/fr\/mentions-legales\/\" \/>\n<meta property=\"og:locale\" content=\"fr_FR\" \/>\n<meta property=\"og:type\" content=\"article\" \/>\n<meta property=\"og:title\" content=\"Mentions l\u00e9gales | Siradel\" \/>\n<meta property=\"og:description\" content=\"[vc_section pix_over_visibility=\u00a0\u00bb\u00a0\u00bb][vc_row pix_particles_check=\u00a0\u00bb\u00a0\u00bb][vc_column][vc_column_text]Le site Internet\u00a0siradel.com\u00a0(\u00ab\u00a0le Site\u00a0\u00bb) est \u00e9dit\u00e9 par la soci\u00e9t\u00e9 SIRADEL (d\u00e9sign\u00e9e ci-apr\u00e8s \u00ab\u00a0la Soci\u00e9t\u00e9\u00a0\u00bb). Soci\u00e9t\u00e9 SIRADEL, soci\u00e9t\u00e9 par actions simplifi\u00e9e, au capital social de 19 548 800 \u20ac RCS de Rennes, n\u00b0 444\u00a0062 624\u00a0\u2013 n\u00b0 TVA intracommunautaire :...\" \/>\n<meta property=\"og:url\" content=\"https:\/\/www.siradel.com\/fr\/mentions-legales\/\" \/>\n<meta property=\"og:site_name\" content=\"Siradel\" \/>\n<meta property=\"article:modified_time\" content=\"2026-01-16T14:10:59+00:00\" \/>\n<meta name=\"twitter:card\" content=\"summary_large_image\" \/>\n<meta name=\"twitter:site\" content=\"@siradel3d\" \/>\n<script type=\"application\/ld+json\" class=\"yoast-schema-graph\">{\"@context\":\"https:\\\/\\\/schema.org\",\"@graph\":[{\"@type\":\"WebPage\",\"@id\":\"https:\\\/\\\/www.siradel.com\\\/fr\\\/mentions-legales\\\/\",\"url\":\"https:\\\/\\\/www.siradel.com\\\/fr\\\/mentions-legales\\\/\",\"name\":\"Mentions l\u00e9gales | Siradel\",\"isPartOf\":{\"@id\":\"https:\\\/\\\/www.siradel.com\\\/fr\\\/#website\"},\"datePublished\":\"2023-10-31T13:49:05+00:00\",\"dateModified\":\"2026-01-16T14:10:59+00:00\",\"breadcrumb\":{\"@id\":\"https:\\\/\\\/www.siradel.com\\\/fr\\\/mentions-legales\\\/#breadcrumb\"},\"inLanguage\":\"fr-FR\",\"potentialAction\":[{\"@type\":\"ReadAction\",\"target\":[\"https:\\\/\\\/www.siradel.com\\\/fr\\\/mentions-legales\\\/\"]}]},{\"@type\":\"BreadcrumbList\",\"@id\":\"https:\\\/\\\/www.siradel.com\\\/fr\\\/mentions-legales\\\/#breadcrumb\",\"itemListElement\":[{\"@type\":\"ListItem\",\"position\":1,\"name\":\"Home\",\"item\":\"https:\\\/\\\/www.siradel.com\\\/fr\\\/\"},{\"@type\":\"ListItem\",\"position\":2,\"name\":\"Mentions l\u00e9gales\"}]},{\"@type\":\"WebSite\",\"@id\":\"https:\\\/\\\/www.siradel.com\\\/fr\\\/#website\",\"url\":\"https:\\\/\\\/www.siradel.com\\\/fr\\\/\",\"name\":\"Siradel\",\"description\":\"Visualize today, Simulate tomorrow\",\"publisher\":{\"@id\":\"https:\\\/\\\/www.siradel.com\\\/fr\\\/#organization\"},\"potentialAction\":[{\"@type\":\"SearchAction\",\"target\":{\"@type\":\"EntryPoint\",\"urlTemplate\":\"https:\\\/\\\/www.siradel.com\\\/fr\\\/?s={search_term_string}\"},\"query-input\":{\"@type\":\"PropertyValueSpecification\",\"valueRequired\":true,\"valueName\":\"search_term_string\"}}],\"inLanguage\":\"fr-FR\"},{\"@type\":\"Organization\",\"@id\":\"https:\\\/\\\/www.siradel.com\\\/fr\\\/#organization\",\"name\":\"Siradel\",\"url\":\"https:\\\/\\\/www.siradel.com\\\/fr\\\/\",\"logo\":{\"@type\":\"ImageObject\",\"inLanguage\":\"fr-FR\",\"@id\":\"https:\\\/\\\/www.siradel.com\\\/fr\\\/#\\\/schema\\\/logo\\\/image\\\/\",\"url\":\"https:\\\/\\\/www.siradel.com\\\/wp-content\\\/uploads\\\/2023\\\/08\\\/Siradel_Logo_coul_transparent.svg\",\"contentUrl\":\"https:\\\/\\\/www.siradel.com\\\/wp-content\\\/uploads\\\/2023\\\/08\\\/Siradel_Logo_coul_transparent.svg\",\"width\":1,\"height\":1,\"caption\":\"Siradel\"},\"image\":{\"@id\":\"https:\\\/\\\/www.siradel.com\\\/fr\\\/#\\\/schema\\\/logo\\\/image\\\/\"},\"sameAs\":[\"https:\\\/\\\/x.com\\\/siradel3d\",\"https:\\\/\\\/www.linkedin.com\\\/company\\\/siradel\",\"https:\\\/\\\/www.youtube.com\\\/channel\\\/UCGS7zkRBLXgtqsR_hOY6CUQ\"]}]}<\/script>\n<!-- \/ Yoast SEO plugin. -->","yoast_head_json":{"title":"Mentions l\u00e9gales | Siradel","robots":{"index":"index","follow":"follow","max-snippet":"max-snippet:-1","max-image-preview":"max-image-preview:large","max-video-preview":"max-video-preview:-1"},"canonical":"https:\/\/www.siradel.com\/fr\/mentions-legales\/","og_locale":"fr_FR","og_type":"article","og_title":"Mentions l\u00e9gales | Siradel","og_description":"[vc_section pix_over_visibility=\u00a0\u00bb\u00a0\u00bb][vc_row pix_particles_check=\u00a0\u00bb\u00a0\u00bb][vc_column][vc_column_text]Le site Internet\u00a0siradel.com\u00a0(\u00ab\u00a0le Site\u00a0\u00bb) est \u00e9dit\u00e9 par la soci\u00e9t\u00e9 SIRADEL (d\u00e9sign\u00e9e ci-apr\u00e8s \u00ab\u00a0la Soci\u00e9t\u00e9\u00a0\u00bb). Soci\u00e9t\u00e9 SIRADEL, soci\u00e9t\u00e9 par actions simplifi\u00e9e, au capital social de 19 548 800 \u20ac RCS de Rennes, n\u00b0 444\u00a0062 624\u00a0\u2013 n\u00b0 TVA intracommunautaire :...","og_url":"https:\/\/www.siradel.com\/fr\/mentions-legales\/","og_site_name":"Siradel","article_modified_time":"2026-01-16T14:10:59+00:00","twitter_card":"summary_large_image","twitter_site":"@siradel3d","schema":{"@context":"https:\/\/schema.org","@graph":[{"@type":"WebPage","@id":"https:\/\/www.siradel.com\/fr\/mentions-legales\/","url":"https:\/\/www.siradel.com\/fr\/mentions-legales\/","name":"Mentions l\u00e9gales | Siradel","isPartOf":{"@id":"https:\/\/www.siradel.com\/fr\/#website"},"datePublished":"2023-10-31T13:49:05+00:00","dateModified":"2026-01-16T14:10:59+00:00","breadcrumb":{"@id":"https:\/\/www.siradel.com\/fr\/mentions-legales\/#breadcrumb"},"inLanguage":"fr-FR","potentialAction":[{"@type":"ReadAction","target":["https:\/\/www.siradel.com\/fr\/mentions-legales\/"]}]},{"@type":"BreadcrumbList","@id":"https:\/\/www.siradel.com\/fr\/mentions-legales\/#breadcrumb","itemListElement":[{"@type":"ListItem","position":1,"name":"Home","item":"https:\/\/www.siradel.com\/fr\/"},{"@type":"ListItem","position":2,"name":"Mentions l\u00e9gales"}]},{"@type":"WebSite","@id":"https:\/\/www.siradel.com\/fr\/#website","url":"https:\/\/www.siradel.com\/fr\/","name":"Siradel","description":"Visualize today, Simulate tomorrow","publisher":{"@id":"https:\/\/www.siradel.com\/fr\/#organization"},"potentialAction":[{"@type":"SearchAction","target":{"@type":"EntryPoint","urlTemplate":"https:\/\/www.siradel.com\/fr\/?s={search_term_string}"},"query-input":{"@type":"PropertyValueSpecification","valueRequired":true,"valueName":"search_term_string"}}],"inLanguage":"fr-FR"},{"@type":"Organization","@id":"https:\/\/www.siradel.com\/fr\/#organization","name":"Siradel","url":"https:\/\/www.siradel.com\/fr\/","logo":{"@type":"ImageObject","inLanguage":"fr-FR","@id":"https:\/\/www.siradel.com\/fr\/#\/schema\/logo\/image\/","url":"https:\/\/www.siradel.com\/wp-content\/uploads\/2023\/08\/Siradel_Logo_coul_transparent.svg","contentUrl":"https:\/\/www.siradel.com\/wp-content\/uploads\/2023\/08\/Siradel_Logo_coul_transparent.svg","width":1,"height":1,"caption":"Siradel"},"image":{"@id":"https:\/\/www.siradel.com\/fr\/#\/schema\/logo\/image\/"},"sameAs":["https:\/\/x.com\/siradel3d","https:\/\/www.linkedin.com\/company\/siradel","https:\/\/www.youtube.com\/channel\/UCGS7zkRBLXgtqsR_hOY6CUQ"]}]}},"_links":{"self":[{"href":"https:\/\/www.siradel.com\/fr\/wp-json\/wp\/v2\/pages\/22414","targetHints":{"allow":["GET"]}}],"collection":[{"href":"https:\/\/www.siradel.com\/fr\/wp-json\/wp\/v2\/pages"}],"about":[{"href":"https:\/\/www.siradel.com\/fr\/wp-json\/wp\/v2\/types\/page"}],"author":[{"embeddable":true,"href":"https:\/\/www.siradel.com\/fr\/wp-json\/wp\/v2\/users\/4"}],"replies":[{"embeddable":true,"href":"https:\/\/www.siradel.com\/fr\/wp-json\/wp\/v2\/comments?post=22414"}],"version-history":[{"count":4,"href":"https:\/\/www.siradel.com\/fr\/wp-json\/wp\/v2\/pages\/22414\/revisions"}],"predecessor-version":[{"id":35315,"href":"https:\/\/www.siradel.com\/fr\/wp-json\/wp\/v2\/pages\/22414\/revisions\/35315"}],"wp:attachment":[{"href":"https:\/\/www.siradel.com\/fr\/wp-json\/wp\/v2\/media?parent=22414"}],"curies":[{"name":"wp","href":"https:\/\/api.w.org\/{rel}","templated":true}]}}